{"id":1167,"date":"2023-12-19T17:23:05","date_gmt":"2023-12-19T16:23:05","guid":{"rendered":"https:\/\/makrispharm.com\/?post_type=product&#038;p=1167"},"modified":"2026-04-18T22:25:58","modified_gmt":"2026-04-18T21:25:58","slug":"nutrition-cream","status":"publish","type":"product","link":"https:\/\/makrispharm.com\/hr\/shop\/njega-koze\/nutrition-cream\/","title":{"rendered":"Nutrition Cream"},"content":{"rendered":"<p>Jedinstvena regenerativna krema za normalnu, suhu i osjetljivu koz\u030cu. Bogata je esencijalnim lipidima za obnavljanje ko\u017ee.<\/p>\n<p>Ekskluzivni, prirodni sastojci koji su bogati, hranjivi izvor zdravlja, potic\u030cu prirodan proces obnove hidrolipidne barijere i mladolik izgled ko\u017ee. Zahvaljuju\u0107i hladno tije\u0161tenom <strong>ulju sjemenki maline<\/strong>, daleko izra\u017eenijim od drugih poznatih biljnih ulja, ova receptura prikladna je za primjenu kod ko\u017ee sklone suho\u0107i i crvenilu. Dodatkom liposoma <strong>hijaluronske kiseline<\/strong> postiz\u030ce se hidratiziraju\u0107i <em>anti-age<\/em> efekt, usporavanje stvaranja grubih bora lica, te bars\u030cunasto mekana koz\u030ca. Sadr\u017ei visoku koncentraciju <strong>prirodnog vitamina E<\/strong> koji djeluje protuupalno i poti\u010de prirodne procese obnavljanja ko\u017ee.<\/p>\n<p>Idealna osnovna krema za osobe s osjetljivom ko\u017eom, kojoj treba vratiti vla\u017enost i ravnote\u017eu ko\u017ene barijere.<\/p>\n<ul>\n<li>ne sadr\u017ei eteri\u010dna ulja i umjetne mirise<\/li>\n<li>djelotvorna u sprije\u010davanju nastanka dehidratacijskih bora<\/li>\n<li>ko\u017ei vra\u0107a meko\u0107u i njegovan izgled lica<\/li>\n<\/ul>\n<p>&nbsp;<\/p>\n","protected":false},"excerpt":{"rendered":"<p>Hranjivo &#8211; hidratantna krema za lice<\/p>\n","protected":false},"featured_media":2518,"comment_status":"open","ping_status":"closed","template":"","meta":{"_acf_changed":false,"inline_featured_image":false},"concern":[90,89,88,114,117,116],"ingredient":[92,134,141],"skin-type":[108,95,109,94],"product_brand":[],"product_cat":[65],"product_tag":[],"class_list":{"0":"post-1167","1":"product","2":"type-product","3":"status-publish","4":"has-post-thumbnail","6":"concern-bore","7":"concern-crvenilo","8":"concern-dehidracija","9":"concern-gruboca","10":"concern-ljustenje","11":"concern-mrlje","12":"ingredient-hijaluron","13":"ingredient-pcelinji-vosak","14":"ingredient-tokoferol","15":"skin-type-mjesovita-koza","16":"skin-type-normalna-koza","17":"skin-type-osjetljiva-koza","18":"skin-type-suha-koza","19":"product_cat-njega-koze","21":"first","22":"instock","23":"featured","24":"shipping-taxable","25":"purchasable","26":"product-type-variable"},"bundled_by":["8003"],"bundle_stock_status":"instock","bundle_stock_quantity":null,"bundle_virtual":false,"bundle_layout":"","bundle_add_to_cart_form_location":"","bundle_editable_in_cart":false,"bundle_sold_individually_context":"","bundle_item_grouping":"","bundle_min_size":"","bundle_max_size":"","bundle_price":[],"bundled_items":[],"bundle_sell_ids":[],"acf":[],"gallery_images":[2520,2522,2649,2846,3049],"_links":{"self":[{"href":"https:\/\/makrispharm.com\/hr\/wp-json\/wp\/v2\/product\/1167","targetHints":{"allow":["GET"]}}],"collection":[{"href":"https:\/\/makrispharm.com\/hr\/wp-json\/wp\/v2\/product"}],"about":[{"href":"https:\/\/makrispharm.com\/hr\/wp-json\/wp\/v2\/types\/product"}],"replies":[{"embeddable":true,"href":"https:\/\/makrispharm.com\/hr\/wp-json\/wp\/v2\/comments?post=1167"}],"wp:featuredmedia":[{"embeddable":true,"href":"https:\/\/makrispharm.com\/hr\/wp-json\/wp\/v2\/media\/2518"}],"wp:attachment":[{"href":"https:\/\/makrispharm.com\/hr\/wp-json\/wp\/v2\/media?parent=1167"}],"wp:term":[{"taxonomy":"concern","embeddable":true,"href":"https:\/\/makrispharm.com\/hr\/wp-json\/wp\/v2\/concern?post=1167"},{"taxonomy":"ingredient","embeddable":true,"href":"https:\/\/makrispharm.com\/hr\/wp-json\/wp\/v2\/ingredient?post=1167"},{"taxonomy":"skin-type","embeddable":true,"href":"https:\/\/makrispharm.com\/hr\/wp-json\/wp\/v2\/skin-type?post=1167"},{"taxonomy":"product_brand","embeddable":true,"href":"https:\/\/makrispharm.com\/hr\/wp-json\/wp\/v2\/product_brand?post=1167"},{"taxonomy":"product_cat","embeddable":true,"href":"https:\/\/makrispharm.com\/hr\/wp-json\/wp\/v2\/product_cat?post=1167"},{"taxonomy":"product_tag","embeddable":true,"href":"https:\/\/makrispharm.com\/hr\/wp-json\/wp\/v2\/product_tag?post=1167"}],"curies":[{"name":"wp","href":"https:\/\/api.w.org\/{rel}","templated":true}]}}