{"id":1268,"date":"2023-12-19T17:42:14","date_gmt":"2023-12-19T16:42:14","guid":{"rendered":"https:\/\/makrispharm.com\/?post_type=product&#038;p=1268"},"modified":"2026-04-23T09:58:31","modified_gmt":"2026-04-23T08:58:31","slug":"eye-cream","status":"publish","type":"product","link":"https:\/\/makrispharm.com\/hr\/shop\/njega-koze\/eye-cream\/","title":{"rendered":"Eye Cream"},"content":{"rendered":"<p>Specijalna regenerativna, potpuno prirodna krema za podru\u010dje oko o\u010diju. Aktivni sastojci Eye kreme odga\u0111aju bore &#8220;smijalice&#8221; i razbu\u0111uju &#8220;neispavane&#8221; podo\u010dnjake.<\/p>\n<p>Sadr\u017ei bogat sastav <strong>esencijalnih lipida<\/strong> koji umiruju ko\u017eu. Vi\u0161emolekulski, posebno formulirani, <strong>trodimenzionalni hijaluronski kompleks<\/strong> prodire u dublje slojeve epiderme, te ima trenutan lifting u\u010dinak. Poja\u010dava proizvodnju novog elastina, \u010dime bri\u0161e umoran i podbuhao izgled podo\u010dnjaka. <strong>Ekstrakt prirodnog kofeina<\/strong> iz crnog zrna kave djeluje kao antioksidans i vazokonstriktor. Kao antioksidans osvje\u017eava stanice i poti\u010de prirodni emtabolizam izmjene tvari. Kao vazokonstrigens ima sposobnost su\u017eavanja malih krvnih \u017eila, \u010dime ubla\u017eava podbuhlost, nate\u010denost i pobolj\u0161va izgled podo\u010dnjaka. <strong>Nativni kolagen<\/strong> dugotrajno sprije\u010dava nastanak dehidratacijskih bora.<\/p>\n<p>Bogata tekstura Eye kreme natapa i umiruje iziritiranu ko\u017eu oko o\u010diju nastalu uslijed dugog dana pod \u0161minkom, neprospavane no\u0107i, boravka u zatvorenom prostoru, iritanasa u sredstvima za umivanje, starenja, itd. Dokazana formula za popunjavanje bora, vra\u0107anje \u010dvrsto\u0107e ko\u017ee i ubla\u017eavanje podbuhlosti podo\u010dnjaka.<\/p>\n<ul>\n<li>ne pecka i djeluje odmah, olak\u0161avaju\u0107i neugodno zatezanje oko o\u010diju<\/li>\n<li>ja\u010da barijeru najtanjeg dijela ko\u017ee lica, \u010dine ju elasti\u010dnom i hidratiziranom<\/li>\n<li>blagotvorno djeluje na izgled podo\u010dnjaka i protiv dubokih bora<\/li>\n<li>sprije\u010dava isu\u0161ivanje i gubitak elasti\u010dnosti ko\u017ee<\/li>\n<li>pogodna i za osjetljive o\u010di<\/li>\n<\/ul>\n<p>&nbsp;<\/p>\n","protected":false},"excerpt":{"rendered":"<p>Regenerativna okoloo\u010dna krema<\/p>\n","protected":false},"featured_media":2420,"comment_status":"open","ping_status":"closed","template":"","meta":{"_acf_changed":false,"inline_featured_image":false},"concern":[90,89,88,114,117,116,115],"ingredient":[92,91,135,147,137,134,141],"skin-type":[96,108,95,109,94],"product_brand":[],"product_cat":[65],"product_tag":[],"class_list":{"0":"post-1268","1":"product","2":"type-product","3":"status-publish","4":"has-post-thumbnail","6":"concern-bore","7":"concern-crvenilo","8":"concern-dehidracija","9":"concern-gruboca","10":"concern-ljustenje","11":"concern-mrlje","12":"concern-pristici-akne","13":"ingredient-hijaluron","14":"ingredient-kava","15":"ingredient-kolagen","16":"ingredient-lipidi","17":"ingredient-niacinamid","18":"ingredient-pcelinji-vosak","19":"ingredient-tokoferol","20":"skin-type-masna-koza","21":"skin-type-mjesovita-koza","22":"skin-type-normalna-koza","23":"skin-type-osjetljiva-koza","24":"skin-type-suha-koza","25":"product_cat-njega-koze","27":"first","28":"instock","29":"shipping-taxable","30":"purchasable","31":"product-type-variable"},"bundled_by":["8011","8015"],"bundle_stock_status":"instock","bundle_stock_quantity":null,"bundle_virtual":false,"bundle_layout":"","bundle_add_to_cart_form_location":"","bundle_editable_in_cart":false,"bundle_sold_individually_context":"","bundle_item_grouping":"","bundle_min_size":"","bundle_max_size":"","bundle_price":[],"bundled_items":[],"bundle_sell_ids":[],"acf":[],"gallery_images":[2426,2424,2428,2418,2422],"_links":{"self":[{"href":"https:\/\/makrispharm.com\/hr\/wp-json\/wp\/v2\/product\/1268","targetHints":{"allow":["GET"]}}],"collection":[{"href":"https:\/\/makrispharm.com\/hr\/wp-json\/wp\/v2\/product"}],"about":[{"href":"https:\/\/makrispharm.com\/hr\/wp-json\/wp\/v2\/types\/product"}],"replies":[{"embeddable":true,"href":"https:\/\/makrispharm.com\/hr\/wp-json\/wp\/v2\/comments?post=1268"}],"wp:featuredmedia":[{"embeddable":true,"href":"https:\/\/makrispharm.com\/hr\/wp-json\/wp\/v2\/media\/2420"}],"wp:attachment":[{"href":"https:\/\/makrispharm.com\/hr\/wp-json\/wp\/v2\/media?parent=1268"}],"wp:term":[{"taxonomy":"concern","embeddable":true,"href":"https:\/\/makrispharm.com\/hr\/wp-json\/wp\/v2\/concern?post=1268"},{"taxonomy":"ingredient","embeddable":true,"href":"https:\/\/makrispharm.com\/hr\/wp-json\/wp\/v2\/ingredient?post=1268"},{"taxonomy":"skin-type","embeddable":true,"href":"https:\/\/makrispharm.com\/hr\/wp-json\/wp\/v2\/skin-type?post=1268"},{"taxonomy":"product_brand","embeddable":true,"href":"https:\/\/makrispharm.com\/hr\/wp-json\/wp\/v2\/product_brand?post=1268"},{"taxonomy":"product_cat","embeddable":true,"href":"https:\/\/makrispharm.com\/hr\/wp-json\/wp\/v2\/product_cat?post=1268"},{"taxonomy":"product_tag","embeddable":true,"href":"https:\/\/makrispharm.com\/hr\/wp-json\/wp\/v2\/product_tag?post=1268"}],"curies":[{"name":"wp","href":"https:\/\/api.w.org\/{rel}","templated":true}]}}