{"id":1271,"date":"2023-12-19T17:40:10","date_gmt":"2023-12-19T16:40:10","guid":{"rendered":"https:\/\/makrispharm.com\/?post_type=product&#038;p=1271"},"modified":"2026-04-23T09:58:31","modified_gmt":"2026-04-23T08:58:31","slug":"detox-mask","status":"publish","type":"product","link":"https:\/\/makrispharm.com\/hr\/shop\/njega-koze\/detox-mask\/","title":{"rendered":"Detox Mask"},"content":{"rendered":"<p>Detoksikacijska maska koncentrirana mineralima koji djeluju protuupalno i antibakterijski. Aktivni sastojci, ali i podloga same maske upravo su razli\u010diti minerali glina. Njihov sastav daje boju, kao i razli\u010ditu ulogu maske.<\/p>\n<p>Kristalna struktura vulkanske gline &#8211; <strong>Zeolita<\/strong> sadr\u017ei tzv. prostore \u201c\u0161upljine\u201d koji imaju sposobnost poput magneta, na sebe navu\u0107i cijeli niz molekula, adsorbiraju\u0107i ih na sebe. Na taj na\u010din Zeolit odstranjuje ostatke metabolita koji za\u010depljuju pore, a poja\u010dava iskori\u0161tavanje aktivnih tvari seruma ili kreme. Esencijalni element i mineral stare farmacije, <strong>Cink<\/strong>, neizostavan je sastojak pripravaka za ubla\u017eavanje iritacija, kod razli\u010ditih upala ko\u017ee. U Detox Maski isti\u010demo ga radi njegovog efektnog isu\u0161ivanja akni, (u direktnom tretmanu) smanjenja upala i pomo\u0107i kod regeneracije pov\u0161inskih stanica ko\u017ee. Dodatak <strong>Srebra<\/strong> djeluje antibakterijski, te smanjuje upalne procese nastalih pri\u0161ti\u0107a. Cink i Srebro sinergijski djeluju upravo na masne dijelove lica, pri\u0161ti\u0107e, akne, bubuljice, puhice.<\/p>\n<p>Detox maska na antibakterijski i neagresivan na\u010din vra\u0107a zdravlje ko\u017ei, posebice kod uplanih procesa.<\/p>\n<ul>\n<li>poma\u017ee kod zacijeljivanja akni<\/li>\n<li>pro\u010di\u0161\u0107uje i remineralizira ko\u017eu<\/li>\n<li>adsorbira ostatke ne\u010disto\u0107a, sebuma, ko\u017enih metabolita, toksina, nikotina<\/li>\n<li>sprije\u010dava \u201czasi\u0107enje\u201d ko\u017ee kozmeti\u010dkim preparatima<\/li>\n<\/ul>\n<p>&nbsp;<\/p>\n","protected":false},"excerpt":{"rendered":"<p>Antioksidativna maska za lice<\/p>\n","protected":false},"featured_media":2398,"comment_status":"open","ping_status":"closed","template":"","meta":{"_acf_changed":false,"inline_featured_image":false},"concern":[89,116,115],"ingredient":[105,137,140,142],"skin-type":[96,108,95],"product_brand":[],"product_cat":[65],"product_tag":[],"class_list":{"0":"post-1271","1":"product","2":"type-product","3":"status-publish","4":"has-post-thumbnail","6":"concern-crvenilo","7":"concern-mrlje","8":"concern-pristici-akne","9":"ingredient-cink","10":"ingredient-niacinamid","11":"ingredient-srebro","12":"ingredient-zeolit","13":"skin-type-masna-koza","14":"skin-type-mjesovita-koza","15":"skin-type-normalna-koza","16":"product_cat-njega-koze","18":"first","19":"instock","20":"shipping-taxable","21":"purchasable","22":"product-type-variable"},"bundled_by":[],"bundle_stock_status":"instock","bundle_stock_quantity":null,"bundle_virtual":false,"bundle_layout":"","bundle_add_to_cart_form_location":"","bundle_editable_in_cart":false,"bundle_sold_individually_context":"","bundle_item_grouping":"","bundle_min_size":"","bundle_max_size":"","bundle_price":[],"bundled_items":[],"bundle_sell_ids":[],"acf":[],"gallery_images":[2402,2404,2400,2396],"_links":{"self":[{"href":"https:\/\/makrispharm.com\/hr\/wp-json\/wp\/v2\/product\/1271","targetHints":{"allow":["GET"]}}],"collection":[{"href":"https:\/\/makrispharm.com\/hr\/wp-json\/wp\/v2\/product"}],"about":[{"href":"https:\/\/makrispharm.com\/hr\/wp-json\/wp\/v2\/types\/product"}],"replies":[{"embeddable":true,"href":"https:\/\/makrispharm.com\/hr\/wp-json\/wp\/v2\/comments?post=1271"}],"wp:featuredmedia":[{"embeddable":true,"href":"https:\/\/makrispharm.com\/hr\/wp-json\/wp\/v2\/media\/2398"}],"wp:attachment":[{"href":"https:\/\/makrispharm.com\/hr\/wp-json\/wp\/v2\/media?parent=1271"}],"wp:term":[{"taxonomy":"concern","embeddable":true,"href":"https:\/\/makrispharm.com\/hr\/wp-json\/wp\/v2\/concern?post=1271"},{"taxonomy":"ingredient","embeddable":true,"href":"https:\/\/makrispharm.com\/hr\/wp-json\/wp\/v2\/ingredient?post=1271"},{"taxonomy":"skin-type","embeddable":true,"href":"https:\/\/makrispharm.com\/hr\/wp-json\/wp\/v2\/skin-type?post=1271"},{"taxonomy":"product_brand","embeddable":true,"href":"https:\/\/makrispharm.com\/hr\/wp-json\/wp\/v2\/product_brand?post=1271"},{"taxonomy":"product_cat","embeddable":true,"href":"https:\/\/makrispharm.com\/hr\/wp-json\/wp\/v2\/product_cat?post=1271"},{"taxonomy":"product_tag","embeddable":true,"href":"https:\/\/makrispharm.com\/hr\/wp-json\/wp\/v2\/product_tag?post=1271"}],"curies":[{"name":"wp","href":"https:\/\/api.w.org\/{rel}","templated":true}]}}