{"id":1297,"date":"2023-12-19T17:36:23","date_gmt":"2023-12-19T16:36:23","guid":{"rendered":"https:\/\/makrispharm.com\/?post_type=product&#038;p=1297"},"modified":"2026-04-23T16:27:58","modified_gmt":"2026-04-23T15:27:58","slug":"second-skin","status":"publish","type":"product","link":"https:\/\/makrispharm.com\/hr\/shop\/sminka\/second-skin\/","title":{"rendered":"Second Skin"},"content":{"rendered":"<p>Hidratantna krema s mineralima u boji ko\u017ee. Ujedna\u010dava nepravilnosti na ko\u017ei i uljep\u0161ava cjelokupni izgled lica. Kombinacija dekorativne i prirodne kozmetike za besprijekoran ten.<\/p>\n<p>Zahvaljuju\u0107i visoko pro\u010di\u0161\u0107enim <strong>mikroniziranim mineralnim pigmentima<\/strong>, boja se stapa s ko\u017eom i daje licu svje\u017e izgled, \u010dine\u0107i pore manje vidljivima. Pigmenti ujedna\u010davaju ton ko\u017ee i zamagljuju nesavr\u0161enosti, a istodobno hrane, hidratiziraju i \u0161tite ko\u017eu. <strong>Prirodna ulja jojobe, marelice i divlje ru\u017ee<\/strong> osiguravaju dugotrajnu hidrataciju, zadr\u017eavaju vlagu u ko\u017ei i osiguravaju esencijalne lipide bez komedogenog u\u010dinka. <strong>Ekstrakt ru\u017emarina, vitamin E<\/strong> &#8211; sna\u017ena antioksidativna za\u0161tita i protuupalno djelovanje. Ekstrakt podupire \u010dvrsto\u0107u ko\u017ee, te uvelike utje\u010de na njezinu regeneraciju. Pru\u017ea dugotrajnu hidrataciju i vra\u0107a prirodan sjaj.<\/p>\n<p>Second Skin je jedinstveni hibrid prirodne kozmetike i \u0161minke, u uljep\u0161avaju\u0107oj formuli. Ujedno pridonosi i zdravlju epiderme.<\/p>\n<ul>\n<li>lako se nanosi, razmazuje i stapa s tenom<\/li>\n<li>srednje prekrivanje nepravilnosti ko\u017ee<\/li>\n<li>smanjuje vidljivost pora, crvenilo i tamne mrlje<\/li>\n<li>pobolj\u0161ava elasti\u010dnost i za\u0161titu ko\u017ee<\/li>\n<li>hidratizira i daje zdravi sjaj ko\u017ei<\/li>\n<li>vla\u017ei, \u0161titi i korigira ko\u017eu<\/li>\n<li>za sve tipove ko\u017ee osim izrazito masne ko\u017ee<\/li>\n<\/ul>\n<p>&nbsp;<\/p>\n","protected":false},"excerpt":{"rendered":"<p>BB krema \u2022 30ml<\/p>\n","protected":false},"featured_media":5006,"comment_status":"open","ping_status":"closed","template":"","meta":{"_acf_changed":false,"inline_featured_image":false},"concern":[90,89,88,114,117,116,115],"ingredient":[105,147,138,160,141],"skin-type":[96,108,95,109,94],"product_brand":[],"product_cat":[64],"product_tag":[],"class_list":{"0":"post-1297","1":"product","2":"type-product","3":"status-publish","4":"has-post-thumbnail","6":"concern-bore","7":"concern-crvenilo","8":"concern-dehidracija","9":"concern-gruboca","10":"concern-ljustenje","11":"concern-mrlje","12":"concern-pristici-akne","13":"ingredient-cink","14":"ingredient-lipidi","15":"ingredient-omega-hr","16":"ingredient-skvalan","17":"ingredient-tokoferol","18":"skin-type-masna-koza","19":"skin-type-mjesovita-koza","20":"skin-type-normalna-koza","21":"skin-type-osjetljiva-koza","22":"skin-type-suha-koza","23":"product_cat-sminka","25":"first","26":"instock","27":"featured","28":"shipping-taxable","29":"purchasable","30":"product-type-variable"},"bundled_by":["7967","8010","8013"],"bundle_stock_status":"instock","bundle_stock_quantity":null,"bundle_virtual":false,"bundle_layout":"","bundle_add_to_cart_form_location":"","bundle_editable_in_cart":false,"bundle_sold_individually_context":"","bundle_item_grouping":"","bundle_min_size":"","bundle_max_size":"","bundle_price":[],"bundled_items":[],"bundle_sell_ids":[],"acf":[],"gallery_images":[5006,4992,5008,4995,4661,4659,4663,4665],"_links":{"self":[{"href":"https:\/\/makrispharm.com\/hr\/wp-json\/wp\/v2\/product\/1297","targetHints":{"allow":["GET"]}}],"collection":[{"href":"https:\/\/makrispharm.com\/hr\/wp-json\/wp\/v2\/product"}],"about":[{"href":"https:\/\/makrispharm.com\/hr\/wp-json\/wp\/v2\/types\/product"}],"replies":[{"embeddable":true,"href":"https:\/\/makrispharm.com\/hr\/wp-json\/wp\/v2\/comments?post=1297"}],"wp:featuredmedia":[{"embeddable":true,"href":"https:\/\/makrispharm.com\/hr\/wp-json\/wp\/v2\/media\/5006"}],"wp:attachment":[{"href":"https:\/\/makrispharm.com\/hr\/wp-json\/wp\/v2\/media?parent=1297"}],"wp:term":[{"taxonomy":"concern","embeddable":true,"href":"https:\/\/makrispharm.com\/hr\/wp-json\/wp\/v2\/concern?post=1297"},{"taxonomy":"ingredient","embeddable":true,"href":"https:\/\/makrispharm.com\/hr\/wp-json\/wp\/v2\/ingredient?post=1297"},{"taxonomy":"skin-type","embeddable":true,"href":"https:\/\/makrispharm.com\/hr\/wp-json\/wp\/v2\/skin-type?post=1297"},{"taxonomy":"product_brand","embeddable":true,"href":"https:\/\/makrispharm.com\/hr\/wp-json\/wp\/v2\/product_brand?post=1297"},{"taxonomy":"product_cat","embeddable":true,"href":"https:\/\/makrispharm.com\/hr\/wp-json\/wp\/v2\/product_cat?post=1297"},{"taxonomy":"product_tag","embeddable":true,"href":"https:\/\/makrispharm.com\/hr\/wp-json\/wp\/v2\/product_tag?post=1297"}],"curies":[{"name":"wp","href":"https:\/\/api.w.org\/{rel}","templated":true}]}}