{"id":1304,"date":"2023-12-19T17:34:14","date_gmt":"2023-12-19T16:34:14","guid":{"rendered":"https:\/\/makrispharm.com\/?post_type=product&#038;p=1304"},"modified":"2026-04-24T07:07:35","modified_gmt":"2026-04-24T06:07:35","slug":"a-night-serum","status":"publish","type":"product","link":"https:\/\/makrispharm.com\/hr\/shop\/njega-koze\/a-night-serum\/","title":{"rendered":"A-Night Serum"},"content":{"rendered":"<p>Jedinstveni serum bogat prirodnim izvorima vitamina A, porijeklom iz hladno pre\u0161anog ulja p\u0161eni\u010dnih klica i ulja no\u0107urka. Obiluje prirodnim tokoferolima i protuupalnom, esencijalnom GLA.<\/p>\n<p>Sadr\u017ei inovativnu, 100 % prirodnu, botani\u010dki aktivnu &#8211; alternativu retinolu, pod nazivom &#8211; <strong>bakuchiol<\/strong>. Klini\u010dki dokazano djeluje na sprje\u010davanje i suzbijanje bora, hiperpigmentaciju ko\u017ee i akne. Za razliku od sintetskog retinola, bakuchiol je fotostabilan i mo\u017ee se koristiti bez straha od nuspojava prhutanja ko\u017ee. Svojom mlije\u010dnom teksturom i u\u010dinkovitom formulom djeluje izrazito protuupalno. Poma\u017ee obnavljanju o\u0161te\u0107enja ko\u017ee, te nadomje\u0161ta esencijalne lipide. Bakuchiol poma\u017ee u smanjenju znakova starenja ko\u017ee, i vidljivo smanjuje o\u0161te\u0107enja ko\u017ee uslijed izlo\u017eenosti okoli\u0161nim \u010dimbenicima. <strong>Ulje p\u0161eni\u010dnih klica<\/strong> s visokim udjelom prirodnog vitamina E, zaslu\u017eno je za regenerativno djelovanje. Serum sadr\u017ei vi\u0161e razli\u010ditih veli\u010dina <strong>fragmentiranih hijaluronskih molekula<\/strong> koje vra\u0107aju vlagu i popunjavaju dehidracijske bore, naj\u010de\u0161\u0107e na \u010delu, oko usana i izme\u0111u obrva. Prirodni <strong>morski kolagen<\/strong> potpoma\u017ee elasti\u010dnost barijere ko\u017ee. Stvara tanki, neljepljivi, film koji \u010duva vlagu od trenutnog isparavanja, unato\u010d okolnim \u010dimbenicima. \u010cini ko\u017eu podatnom i mekom.<\/p>\n<p>A-Night serum vra\u0107a ko\u017eu u ravnote\u017eu na kraju dana, odr\u017eava dostatnu vla\u017enost i obnavlja optimalan nivo lipida.<\/p>\n<ul>\n<li>smanjuje vidljivost finih linija i bora<\/li>\n<li>pobolj\u0161ava elasti\u010dnost i \u010dvrsto\u0107u ko\u017ee<\/li>\n<li>poti\u010de proizvodnju kolagena<\/li>\n<li>ubla\u017eava hiperpigmentacije i djeluje umiruju\u0107e<\/li>\n<li>antimikrobni u\u010dinak, ciljano na <em>S.auerus<\/em>\u00a0i\u00a0<em>P.acnes<\/em>, uzro\u010dnike akni<\/li>\n<\/ul>\n<p>&nbsp;<\/p>\n","protected":false},"excerpt":{"rendered":"<p>Anti-age obnavljaju\u0107i serum<\/p>\n","protected":false},"featured_media":2388,"comment_status":"open","ping_status":"closed","template":"","meta":{"_acf_changed":false,"inline_featured_image":false},"concern":[90,89,88,114,117,116,115],"ingredient":[133,92,135],"skin-type":[108,95,109,94],"product_brand":[],"product_cat":[65],"product_tag":[],"class_list":{"0":"post-1304","1":"product","2":"type-product","3":"status-publish","4":"has-post-thumbnail","6":"concern-bore","7":"concern-crvenilo","8":"concern-dehidracija","9":"concern-gruboca","10":"concern-ljustenje","11":"concern-mrlje","12":"concern-pristici-akne","13":"ingredient-bakuchiol-hr","14":"ingredient-hijaluron","15":"ingredient-kolagen","16":"skin-type-mjesovita-koza","17":"skin-type-normalna-koza","18":"skin-type-osjetljiva-koza","19":"skin-type-suha-koza","20":"product_cat-njega-koze","22":"first","23":"instock","24":"shipping-taxable","25":"purchasable","26":"product-type-variable"},"bundled_by":["8003","8011"],"bundle_stock_status":"instock","bundle_stock_quantity":null,"bundle_virtual":false,"bundle_layout":"","bundle_add_to_cart_form_location":"","bundle_editable_in_cart":false,"bundle_sold_individually_context":"","bundle_item_grouping":"","bundle_min_size":"","bundle_max_size":"","bundle_price":[],"bundled_items":[],"bundle_sell_ids":[],"acf":[],"gallery_images":[2390,2384,2386],"_links":{"self":[{"href":"https:\/\/makrispharm.com\/hr\/wp-json\/wp\/v2\/product\/1304","targetHints":{"allow":["GET"]}}],"collection":[{"href":"https:\/\/makrispharm.com\/hr\/wp-json\/wp\/v2\/product"}],"about":[{"href":"https:\/\/makrispharm.com\/hr\/wp-json\/wp\/v2\/types\/product"}],"replies":[{"embeddable":true,"href":"https:\/\/makrispharm.com\/hr\/wp-json\/wp\/v2\/comments?post=1304"}],"wp:featuredmedia":[{"embeddable":true,"href":"https:\/\/makrispharm.com\/hr\/wp-json\/wp\/v2\/media\/2388"}],"wp:attachment":[{"href":"https:\/\/makrispharm.com\/hr\/wp-json\/wp\/v2\/media?parent=1304"}],"wp:term":[{"taxonomy":"concern","embeddable":true,"href":"https:\/\/makrispharm.com\/hr\/wp-json\/wp\/v2\/concern?post=1304"},{"taxonomy":"ingredient","embeddable":true,"href":"https:\/\/makrispharm.com\/hr\/wp-json\/wp\/v2\/ingredient?post=1304"},{"taxonomy":"skin-type","embeddable":true,"href":"https:\/\/makrispharm.com\/hr\/wp-json\/wp\/v2\/skin-type?post=1304"},{"taxonomy":"product_brand","embeddable":true,"href":"https:\/\/makrispharm.com\/hr\/wp-json\/wp\/v2\/product_brand?post=1304"},{"taxonomy":"product_cat","embeddable":true,"href":"https:\/\/makrispharm.com\/hr\/wp-json\/wp\/v2\/product_cat?post=1304"},{"taxonomy":"product_tag","embeddable":true,"href":"https:\/\/makrispharm.com\/hr\/wp-json\/wp\/v2\/product_tag?post=1304"}],"curies":[{"name":"wp","href":"https:\/\/api.w.org\/{rel}","templated":true}]}}