{"id":1308,"date":"2023-12-19T17:31:44","date_gmt":"2023-12-19T16:31:44","guid":{"rendered":"https:\/\/makrispharm.com\/?post_type=product&#038;p=1308"},"modified":"2026-04-23T19:43:03","modified_gmt":"2026-04-23T18:43:03","slug":"detox-serum","status":"publish","type":"product","link":"https:\/\/makrispharm.com\/hr\/shop\/njega-koze\/detox-serum\/","title":{"rendered":"Detox Serum"},"content":{"rendered":"<p>Intenzivni vitaminski serum, iznimno bogat prirodnim antioksidansima. Sadr\u017ei kombinaciju vitamina C+B3+E, koja djeluje na teksturu ko\u017ee, zagla\u0111uje i ubla\u017eava izgled nepravilnosti, te sprije\u010dava izbijanje pri\u0161ti\u0107a. Djeluje blago eksfoliraju\u0107e zbog sadr\u017eaja mlije\u010dne kiseline, koja potpoma\u017ee pro\u010di\u0161\u0107avanje pora.<\/p>\n<p>Zvijezda ovog seruma je <strong>ulje sjemenki gro\u017e\u0111a<\/strong> koje u sinergiji s esterskim vitaminom C, poti\u010de sna\u017eno antioksidativno djelovanje. Bogato je botani\u010dki aktivnim fenolnim spojevima, pa regulira lu\u010denje sebuma. Kao takvo, prikladno je za njegu mje\u0161ovite do masne ko\u017ee. Serum sadr\u017ei i dragocjeno <strong>hladno &#8211; tije\u0161teno ulje iz sjemenki baobab drveta<\/strong>. Pulpa ovog, veli\u010dinom impresivnog &#8220;Drva \u017eivota&#8221; iz Afrike, sadr\u017ei male sjemenke s velikom dozom visokovrijednog ulja, koje obiluje prirodnim vitaminom A i C. Ulje baobaba poma\u017ee u o\u010duvanju elasticiteta ko\u017ee, ubla\u017eava bore i smanjuje o\u017eiljke. Vitamin E- u prirodnom obliku <strong>tokoferola<\/strong>, djeluje sna\u017eno protuupalno, te smanjuje crvenilo oko bubuljica. Kontroli izbijanja pri\u0161ti\u0107a poma\u017ee mineral cink, ali i antibakterijsko djelovanje nijacinamida. Aktivni <strong>B3-nijacinamid<\/strong> ima dokazan u\u010dinak kod posvijetljivanja mrljica, i tamnih \u201co\u017eiljaka\u201d.<\/p>\n<p>Detox serum ko\u017ei poma\u017ee u borbi protiv slobodnih radikala (zaga\u0111eni okoli\u0161, nikotinski dim, zatvoreni prostori, UV svjetlost).<\/p>\n<ul>\n<li>uspje\u0161an u tretiranju nepravilnosti puti, pigmentacijskih mrlja i akni kod odraslih<\/li>\n<li>vrlo je lagane teksture, hidratizira i hrani ko\u017eu, bez straha od za\u010depljenih pora<\/li>\n<li>preporu\u010duje se osobama neujedna\u010denog tena, s hiperpigmentacijskim promjenama na ko\u017ei<\/li>\n<li>osvje\u017eava pore blagom eksfolijacijom, te \u010dini ko\u017eu blistavom i hidratiziranom<\/li>\n<li>pogodan za sve tipove ko\u017ee, osim suhe i osjetljive<\/li>\n<\/ul>\n<p>&nbsp;<\/p>\n","protected":false},"excerpt":{"rendered":"<p>Vitaminski serum za lice<\/p>\n","protected":false},"featured_media":2406,"comment_status":"open","ping_status":"closed","template":"","meta":{"_acf_changed":false,"inline_featured_image":false},"concern":[90,88,114,117,116,115],"ingredient":[105,137,141,93],"skin-type":[96,108,95],"product_brand":[],"product_cat":[65],"product_tag":[],"class_list":{"0":"post-1308","1":"product","2":"type-product","3":"status-publish","4":"has-post-thumbnail","6":"concern-bore","7":"concern-dehidracija","8":"concern-gruboca","9":"concern-ljustenje","10":"concern-mrlje","11":"concern-pristici-akne","12":"ingredient-cink","13":"ingredient-niacinamid","14":"ingredient-tokoferol","15":"ingredient-vitamin-c-hr","16":"skin-type-masna-koza","17":"skin-type-mjesovita-koza","18":"skin-type-normalna-koza","19":"product_cat-njega-koze","21":"first","22":"instock","23":"shipping-taxable","24":"purchasable","25":"product-type-variable"},"bundled_by":["8010"],"bundle_stock_status":"instock","bundle_stock_quantity":null,"bundle_virtual":false,"bundle_layout":"","bundle_add_to_cart_form_location":"","bundle_editable_in_cart":false,"bundle_sold_individually_context":"","bundle_item_grouping":"","bundle_min_size":"","bundle_max_size":"","bundle_price":[],"bundled_items":[],"bundle_sell_ids":[],"acf":[],"gallery_images":[2408,2410,2647],"_links":{"self":[{"href":"https:\/\/makrispharm.com\/hr\/wp-json\/wp\/v2\/product\/1308","targetHints":{"allow":["GET"]}}],"collection":[{"href":"https:\/\/makrispharm.com\/hr\/wp-json\/wp\/v2\/product"}],"about":[{"href":"https:\/\/makrispharm.com\/hr\/wp-json\/wp\/v2\/types\/product"}],"replies":[{"embeddable":true,"href":"https:\/\/makrispharm.com\/hr\/wp-json\/wp\/v2\/comments?post=1308"}],"wp:featuredmedia":[{"embeddable":true,"href":"https:\/\/makrispharm.com\/hr\/wp-json\/wp\/v2\/media\/2406"}],"wp:attachment":[{"href":"https:\/\/makrispharm.com\/hr\/wp-json\/wp\/v2\/media?parent=1308"}],"wp:term":[{"taxonomy":"concern","embeddable":true,"href":"https:\/\/makrispharm.com\/hr\/wp-json\/wp\/v2\/concern?post=1308"},{"taxonomy":"ingredient","embeddable":true,"href":"https:\/\/makrispharm.com\/hr\/wp-json\/wp\/v2\/ingredient?post=1308"},{"taxonomy":"skin-type","embeddable":true,"href":"https:\/\/makrispharm.com\/hr\/wp-json\/wp\/v2\/skin-type?post=1308"},{"taxonomy":"product_brand","embeddable":true,"href":"https:\/\/makrispharm.com\/hr\/wp-json\/wp\/v2\/product_brand?post=1308"},{"taxonomy":"product_cat","embeddable":true,"href":"https:\/\/makrispharm.com\/hr\/wp-json\/wp\/v2\/product_cat?post=1308"},{"taxonomy":"product_tag","embeddable":true,"href":"https:\/\/makrispharm.com\/hr\/wp-json\/wp\/v2\/product_tag?post=1308"}],"curies":[{"name":"wp","href":"https:\/\/api.w.org\/{rel}","templated":true}]}}