{"id":1312,"date":"2023-12-19T17:29:31","date_gmt":"2023-12-19T16:29:31","guid":{"rendered":"https:\/\/makrispharm.com\/?post_type=product&#038;p=1312"},"modified":"2026-04-24T10:00:30","modified_gmt":"2026-04-24T09:00:30","slug":"immortelle-cream","status":"publish","type":"product","link":"https:\/\/makrispharm.com\/hr\/shop\/njega-koze\/immortelle-cream\/","title":{"rendered":"Immortelle Cream"},"content":{"rendered":"<p>Immortelle &#8211; jedinstvena krema od smilja, blagotvorno djeluje na nepravilnosti tena, te mu vra\u0107a vla\u017enost i meko\u0107u. Originalna kremasta formula u sebi sadr\u017ei kombinaciju klju\u010dnih sastojaka za cjelokupnu regeneraciju ko\u017ee.<\/p>\n<p>Od ekskluzivnih, prirodnih sastojaka krasi je <strong>eteri\u010dno ulje smilja<\/strong>, dobijeno destilacijom zlatnih cvjetova samoniklog bilja. Posebna podvrsta <strong>shea maslaca &#8211; nilotica <\/strong>intenzivno hrani ko\u017eu. Krema se isti\u010de se po visokom udjelu prirodnog tokoferola &#8211; poznatog vitamina E, koji poti\u010de obnavljanje epiderme i djeluje sna\u017eno protuupalno. Njenu korektivnu ulogu ima aktivni vitamin B3, poznatiji kao <strong>nijacinamid<\/strong> koji ima dokazan u\u010dinak na pobolj\u0161avanje teksture ko\u017ee i posvijetljivanje hiperpigmentacijskih mrlja. Hidrataciju osiguravaju <strong>liposomi hijalurona u medu<\/strong>, posebno formirane sitne molekule prirodnog porijekla, koje prolaze do dubljih slojeva ko\u017ee, i na taj na\u010din sprije\u010davaju pojavu dehidratacijskih bora.<\/p>\n<p>Blagotvorni u\u010dinak kreme, dodatno potvr\u0111uje svestranost originalne formule.<\/p>\n<ul>\n<li><em>all-in-one<\/em>, mo\u0107ne aktivnice seruma i obnavljaju\u0107i u\u010dinak <em>anti-age<\/em> kreme<\/li>\n<li>prikladna za sve tipove ko\u017ee, osobito zrelu ko\u017eu<\/li>\n<li><span style=\"font-weight: 400;\">spoj farmaceutskog, organskog i\u00a0 potpuno prirodnog<\/span><\/li>\n<\/ul>\n<p>&nbsp;<\/p>\n","protected":false},"excerpt":{"rendered":"<p>Posebna krema od smilja<\/p>\n","protected":false},"featured_media":2452,"comment_status":"open","ping_status":"closed","template":"","meta":{"_acf_changed":false,"inline_featured_image":false},"concern":[90,89,88,114,117,116,115],"ingredient":[92,137,134,136,141],"skin-type":[108,95,94],"product_brand":[],"product_cat":[65],"product_tag":[],"class_list":{"0":"post-1312","1":"product","2":"type-product","3":"status-publish","4":"has-post-thumbnail","6":"concern-bore","7":"concern-crvenilo","8":"concern-dehidracija","9":"concern-gruboca","10":"concern-ljustenje","11":"concern-mrlje","12":"concern-pristici-akne","13":"ingredient-hijaluron","14":"ingredient-niacinamid","15":"ingredient-pcelinji-vosak","16":"ingredient-smilje","17":"ingredient-tokoferol","18":"skin-type-mjesovita-koza","19":"skin-type-normalna-koza","20":"skin-type-suha-koza","21":"product_cat-njega-koze","23":"first","24":"instock","25":"featured","26":"shipping-taxable","27":"purchasable","28":"product-type-variable"},"bundled_by":["8011","7967","8010","8015"],"bundle_stock_status":"instock","bundle_stock_quantity":null,"bundle_virtual":false,"bundle_layout":"","bundle_add_to_cart_form_location":"","bundle_editable_in_cart":false,"bundle_sold_individually_context":"","bundle_item_grouping":"","bundle_min_size":"","bundle_max_size":"","bundle_price":[],"bundled_items":[],"bundle_sell_ids":[],"acf":[],"gallery_images":[2458,2456,2460,2454,2450],"_links":{"self":[{"href":"https:\/\/makrispharm.com\/hr\/wp-json\/wp\/v2\/product\/1312","targetHints":{"allow":["GET"]}}],"collection":[{"href":"https:\/\/makrispharm.com\/hr\/wp-json\/wp\/v2\/product"}],"about":[{"href":"https:\/\/makrispharm.com\/hr\/wp-json\/wp\/v2\/types\/product"}],"replies":[{"embeddable":true,"href":"https:\/\/makrispharm.com\/hr\/wp-json\/wp\/v2\/comments?post=1312"}],"wp:featuredmedia":[{"embeddable":true,"href":"https:\/\/makrispharm.com\/hr\/wp-json\/wp\/v2\/media\/2452"}],"wp:attachment":[{"href":"https:\/\/makrispharm.com\/hr\/wp-json\/wp\/v2\/media?parent=1312"}],"wp:term":[{"taxonomy":"concern","embeddable":true,"href":"https:\/\/makrispharm.com\/hr\/wp-json\/wp\/v2\/concern?post=1312"},{"taxonomy":"ingredient","embeddable":true,"href":"https:\/\/makrispharm.com\/hr\/wp-json\/wp\/v2\/ingredient?post=1312"},{"taxonomy":"skin-type","embeddable":true,"href":"https:\/\/makrispharm.com\/hr\/wp-json\/wp\/v2\/skin-type?post=1312"},{"taxonomy":"product_brand","embeddable":true,"href":"https:\/\/makrispharm.com\/hr\/wp-json\/wp\/v2\/product_brand?post=1312"},{"taxonomy":"product_cat","embeddable":true,"href":"https:\/\/makrispharm.com\/hr\/wp-json\/wp\/v2\/product_cat?post=1312"},{"taxonomy":"product_tag","embeddable":true,"href":"https:\/\/makrispharm.com\/hr\/wp-json\/wp\/v2\/product_tag?post=1312"}],"curies":[{"name":"wp","href":"https:\/\/api.w.org\/{rel}","templated":true}]}}