{"id":1317,"date":"2023-12-19T17:25:55","date_gmt":"2023-12-19T16:25:55","guid":{"rendered":"https:\/\/makrispharm.com\/?post_type=product&#038;p=1317"},"modified":"2026-04-20T09:23:51","modified_gmt":"2026-04-20T08:23:51","slug":"hydration-cream","status":"publish","type":"product","link":"https:\/\/makrispharm.com\/hr\/shop\/njega-koze\/hydration-cream\/","title":{"rendered":"Hydration Cream"},"content":{"rendered":"<p>Hranjiva i hidratantna krema dragocjenih biljnih ulja i ruz\u030cine vodice. Idealna za dehidriranu i nje\u017enu ko\u017eu lica. Istic\u030ce se z\u030censtvenim notama prave ru\u017ee, profinjenom i prozrac\u030cnom teksturom.<\/p>\n<p>Hidratacija i vla\u017enost gelaste teksture po\u010diva na visokom udjelom <strong>hidrolata ru\u017eine vodice i kompleksu hidratantnih polisaharida<\/strong>, koji daju ko\u017ei potrebnu hidrataciju uz mno\u0161tvo prirodnih antioksidanasa i minerala neophodnih za zdrav sjaj ko\u017ee. Krema sadr\u017ei i izrazito dragocjen sastojak, <strong>apsolut majske ru\u017ee<\/strong> \u0161to \u010dini ritual njege osobito blagotvornim, jer ko\u017ea postaje vidljivo sjajnija i svje\u017eija. Ru\u017ea je kraljica, kako me\u0111u parfemima, tako i u njezi ko\u017ee. Hladno pre\u0161ano <strong>ulje divlje ru\u017ee <\/strong>poti\u010de elasti\u010dnost i i \u010dvrsto\u0107u ko\u017ee.<strong> Ulje marelice i kukui<\/strong> su iznimno blaga i lagana ulja, koja \u010dine recepturu bogatu biljnim omega 3-6-9 esencijalnim masnim kiselinama. Tajna njihove ljekovitosti le\u017ei u sadr\u017eaju \u03b1\u2010linolenske i linolne kiseline koje zajedno pru\u017eaju osje\u0107aj glatko\u0107e, a njihov optimalni sastav odr\u017eava vla\u017enost u porama ko\u017ee.<\/p>\n<p>Aromaterapeutska vrijednost hidratantne kreme izra\u017eena je kod osoba koje \u017eele umiriti duh, biti prisutne u trenutku njege ko\u017ee i osvjestiti mirisne blagodati koje pru\u017eaju svom mekanom omota\u010du &#8211; ko\u017ei.<\/p>\n<ul>\n<li>istic\u030ce se z\u030censtvenim notama prave ru\u017ee, profinjenom i prozrac\u030cnom teksturom<\/li>\n<li>poti\u010de regeneraciju ko\u017ee pa je dragocjeni sastojak u anti-age kozmetici<\/li>\n<li>prikladna za kori\u0161tenje prije \u0161minke zbog svojstva brzog upijanja<\/li>\n<li>korisna kod svih tipova ko\u017ee, osobito dehidriranu ko\u017eu<\/li>\n<\/ul>\n<p>&nbsp;<\/p>\n","protected":false},"excerpt":{"rendered":"<p>Hidratantna gel krema za lice<\/p>\n","protected":false},"featured_media":2442,"comment_status":"open","ping_status":"closed","template":"","meta":{"_acf_changed":false,"inline_featured_image":false},"concern":[90,89,88,114,117,116,115],"ingredient":[92,138,145,139,141],"skin-type":[96,108,95,109,94],"product_brand":[],"product_cat":[65],"product_tag":[],"class_list":{"0":"post-1317","1":"product","2":"type-product","3":"status-publish","4":"has-post-thumbnail","6":"concern-bore","7":"concern-crvenilo","8":"concern-dehidracija","9":"concern-gruboca","10":"concern-ljustenje","11":"concern-mrlje","12":"concern-pristici-akne","13":"ingredient-hijaluron","14":"ingredient-omega-hr","15":"ingredient-polisaharidi","16":"ingredient-ruza","17":"ingredient-tokoferol","18":"skin-type-masna-koza","19":"skin-type-mjesovita-koza","20":"skin-type-normalna-koza","21":"skin-type-osjetljiva-koza","22":"skin-type-suha-koza","23":"product_cat-njega-koze","25":"first","26":"instock","27":"featured","28":"shipping-taxable","29":"purchasable","30":"product-type-variable"},"bundled_by":["8013"],"bundle_stock_status":"instock","bundle_stock_quantity":null,"bundle_virtual":false,"bundle_layout":"","bundle_add_to_cart_form_location":"","bundle_editable_in_cart":false,"bundle_sold_individually_context":"","bundle_item_grouping":"","bundle_min_size":"","bundle_max_size":"","bundle_price":[],"bundled_items":[],"bundle_sell_ids":[],"acf":[],"gallery_images":[2446,2444,2448,2635,2664],"_links":{"self":[{"href":"https:\/\/makrispharm.com\/hr\/wp-json\/wp\/v2\/product\/1317","targetHints":{"allow":["GET"]}}],"collection":[{"href":"https:\/\/makrispharm.com\/hr\/wp-json\/wp\/v2\/product"}],"about":[{"href":"https:\/\/makrispharm.com\/hr\/wp-json\/wp\/v2\/types\/product"}],"replies":[{"embeddable":true,"href":"https:\/\/makrispharm.com\/hr\/wp-json\/wp\/v2\/comments?post=1317"}],"wp:featuredmedia":[{"embeddable":true,"href":"https:\/\/makrispharm.com\/hr\/wp-json\/wp\/v2\/media\/2442"}],"wp:attachment":[{"href":"https:\/\/makrispharm.com\/hr\/wp-json\/wp\/v2\/media?parent=1317"}],"wp:term":[{"taxonomy":"concern","embeddable":true,"href":"https:\/\/makrispharm.com\/hr\/wp-json\/wp\/v2\/concern?post=1317"},{"taxonomy":"ingredient","embeddable":true,"href":"https:\/\/makrispharm.com\/hr\/wp-json\/wp\/v2\/ingredient?post=1317"},{"taxonomy":"skin-type","embeddable":true,"href":"https:\/\/makrispharm.com\/hr\/wp-json\/wp\/v2\/skin-type?post=1317"},{"taxonomy":"product_brand","embeddable":true,"href":"https:\/\/makrispharm.com\/hr\/wp-json\/wp\/v2\/product_brand?post=1317"},{"taxonomy":"product_cat","embeddable":true,"href":"https:\/\/makrispharm.com\/hr\/wp-json\/wp\/v2\/product_cat?post=1317"},{"taxonomy":"product_tag","embeddable":true,"href":"https:\/\/makrispharm.com\/hr\/wp-json\/wp\/v2\/product_tag?post=1317"}],"curies":[{"name":"wp","href":"https:\/\/api.w.org\/{rel}","templated":true}]}}