{"id":3650,"date":"2024-05-19T17:27:36","date_gmt":"2024-05-19T16:27:36","guid":{"rendered":"https:\/\/makrispharm.com\/?post_type=product&#038;p=3650"},"modified":"2026-04-24T10:00:30","modified_gmt":"2026-04-24T09:00:30","slug":"natural-concealer","status":"publish","type":"product","link":"https:\/\/makrispharm.com\/hr\/shop\/sminka\/natural-concealer\/","title":{"rendered":"Natural Concealer"},"content":{"rendered":"<p>Natural Concealer prirodni je, mineralni korektor nesavr\u0161enosti tena. Bogat je aktivnim biljnim sastojcima koji hrane ko\u017eu, hidratiziraju i glatko prekrivaju nepravilnosti.<\/p>\n<p>Zahvaljuju\u0107i visoko pro\u010di\u0161\u0107enim <strong>mineralnim pigmentima<\/strong> visoke \u010disto\u0107e, boja se stapa s ko\u017eom i daje svje\u017e izgled licu. <strong>Skvalan iz masline<\/strong> stvara prirodnu, za\u0161titnu barijeru na povr\u0161ini ko\u017ee kako bi usporio transepidermalni gubitak vode. Lako se upija i daje glatku, svilenkastu, nemasnu zavr\u0161nicu. Nekomedogen je i ne iritira, a\u00a0 ujedno pospje\u0161uje apsorpciju aktivnih sastojaka. <strong>Ulje sjemenki gro\u017e\u0111a<\/strong>, koje u sinergiji s esterom vitamina C, poti\u010de sna\u017eno antioksidativno djelovanje. Bogato je botani\u010dki aktivnim fenolnim spojevima, pa regulira lu\u010denje sebuma. Kao takvo, pogodno je za njegu mje\u0161ovite do masne ko\u017ee. Hladno pre\u0161ani <strong>shea maslac<\/strong> daje ko\u017ei potrebne lipide i \u010dini je mekom, a pritom zadr\u017eava prirodnu hidrataciju. Naposljetku, dodatkom <strong>liposoma hijaluronske kiseline<\/strong> posti\u017ee se hidratantni anti-age u\u010dinak, usporava se nastajanje grubih bora na licu i bar\u0161unasto meka ko\u017ea.<\/p>\n<p>Prirodni korektor koji prekriva podo\u010dnjake, mrlje i crvenilo. Ko\u017ei daje zdrav u\u010dinak prirodnosti.<\/p>\n<ul>\n<li>3-u-1 mineralni korektor, korektor boje i tonirana hidratantna krema<\/li>\n<li>ne sadr\u017ei tragove talka, \u010destice plastike, sinteti\u010dke voskove i poja\u010diva\u010de boje<\/li>\n<li>mo\u017ee se nanositi u vi\u0161e slojeva i poja\u010dati ton boje<\/li>\n<li>ispravlja nesavr\u0161enosti i daje ko\u017ei zdrav izgled<\/li>\n<li>nije komedogen, ne stvara nabore se i nosi se 12 sati<\/li>\n<\/ul>\n<p>&nbsp;<\/p>\n","protected":false},"excerpt":{"rendered":"<p>Vi\u0161enamjenski mineralni korektor \u2022 6g<\/p>\n","protected":false},"featured_media":3563,"comment_status":"open","ping_status":"closed","template":"","meta":{"_acf_changed":false,"inline_featured_image":false},"concern":[90,89,88,114,117,116,115],"ingredient":[92,147,138,160,141,93],"skin-type":[96,108,95,109,94],"product_brand":[],"product_cat":[64],"product_tag":[],"class_list":{"0":"post-3650","1":"product","2":"type-product","3":"status-publish","4":"has-post-thumbnail","6":"concern-bore","7":"concern-crvenilo","8":"concern-dehidracija","9":"concern-gruboca","10":"concern-ljustenje","11":"concern-mrlje","12":"concern-pristici-akne","13":"ingredient-hijaluron","14":"ingredient-lipidi","15":"ingredient-omega-hr","16":"ingredient-skvalan","17":"ingredient-tokoferol","18":"ingredient-vitamin-c-hr","19":"skin-type-masna-koza","20":"skin-type-mjesovita-koza","21":"skin-type-normalna-koza","22":"skin-type-osjetljiva-koza","23":"skin-type-suha-koza","24":"product_cat-sminka","26":"first","27":"instock","28":"shipping-taxable","29":"purchasable","30":"product-type-variable"},"bundled_by":["8015"],"bundle_stock_status":"instock","bundle_stock_quantity":null,"bundle_virtual":false,"bundle_layout":"","bundle_add_to_cart_form_location":"","bundle_editable_in_cart":false,"bundle_sold_individually_context":"","bundle_item_grouping":"","bundle_min_size":"","bundle_max_size":"","bundle_price":[],"bundled_items":[],"bundle_sell_ids":[],"acf":[],"gallery_images":[3589,3643,3583,3782],"_links":{"self":[{"href":"https:\/\/makrispharm.com\/hr\/wp-json\/wp\/v2\/product\/3650","targetHints":{"allow":["GET"]}}],"collection":[{"href":"https:\/\/makrispharm.com\/hr\/wp-json\/wp\/v2\/product"}],"about":[{"href":"https:\/\/makrispharm.com\/hr\/wp-json\/wp\/v2\/types\/product"}],"replies":[{"embeddable":true,"href":"https:\/\/makrispharm.com\/hr\/wp-json\/wp\/v2\/comments?post=3650"}],"wp:featuredmedia":[{"embeddable":true,"href":"https:\/\/makrispharm.com\/hr\/wp-json\/wp\/v2\/media\/3563"}],"wp:attachment":[{"href":"https:\/\/makrispharm.com\/hr\/wp-json\/wp\/v2\/media?parent=3650"}],"wp:term":[{"taxonomy":"concern","embeddable":true,"href":"https:\/\/makrispharm.com\/hr\/wp-json\/wp\/v2\/concern?post=3650"},{"taxonomy":"ingredient","embeddable":true,"href":"https:\/\/makrispharm.com\/hr\/wp-json\/wp\/v2\/ingredient?post=3650"},{"taxonomy":"skin-type","embeddable":true,"href":"https:\/\/makrispharm.com\/hr\/wp-json\/wp\/v2\/skin-type?post=3650"},{"taxonomy":"product_brand","embeddable":true,"href":"https:\/\/makrispharm.com\/hr\/wp-json\/wp\/v2\/product_brand?post=3650"},{"taxonomy":"product_cat","embeddable":true,"href":"https:\/\/makrispharm.com\/hr\/wp-json\/wp\/v2\/product_cat?post=3650"},{"taxonomy":"product_tag","embeddable":true,"href":"https:\/\/makrispharm.com\/hr\/wp-json\/wp\/v2\/product_tag?post=3650"}],"curies":[{"name":"wp","href":"https:\/\/api.w.org\/{rel}","templated":true}]}}