{"id":4047,"date":"2024-06-30T17:12:42","date_gmt":"2024-06-30T16:12:42","guid":{"rendered":"https:\/\/makrispharm.com\/?post_type=product&#038;p=4047"},"modified":"2026-04-23T09:58:31","modified_gmt":"2026-04-23T08:58:31","slug":"honeymoon","status":"publish","type":"product","link":"https:\/\/makrispharm.com\/hr\/shop\/njega-koze\/honeymoon\/","title":{"rendered":"Honeymoon"},"content":{"rendered":"<p><span style=\"font-weight: 400;\">Intenzivno njeguju\u0107e ulje s dvanaest biljnih vrsta, oboga\u0107eno delikatnim bron\u010danim, sjajnim \u010desticama prirodnog porijekla. Ulje slatkog badema, kokosovo ulje, ulje lje\u0161njaka, ulje sjemenki baobaba, ulje suncokreta, macerat oraha, shea maslac, jojoba, ulje divlje ru\u017ee, kakao, ricinusovo ulje, karanja ulje, vinova loza, neven, ekstrakt korijena mrkve, ruzmarin; krase formulu koja spaja dekorativnu i prirodnu kozmetiku.<\/span><\/p>\n<p>Zahvaljuju\u0107i visoko pro\u010di\u0161\u0107enim\u00a0<strong>mineralnim pigmentima<\/strong> visoke \u010disto\u0107e, ko\u017ea dobija s<span style=\"font-weight: 400;\">atenasti odsjaj finih \u010destica sedefa, koje suptilno zamagljuju sve mrlje na ko\u017ei<\/span> i daju svje\u017e izgled licu. <strong>Ulje karanje<\/strong> ima sna\u017ena balansiraju\u0107a i regulacijska svojstva, zbog \u010dega je tako\u0111er vrlo pogodno za njegu i umirivanje problemati\u010dne ko\u017ee. Poti\u010de proizvodnju kolagena i tako osigurava \u010dvr\u0161\u0107i ten i pove\u0107ava elasti\u010dnost. <strong>Beta karoten<\/strong> podr\u017eava regeneraciju ko\u017ee i ubrzava tamnjenje tijekom sun\u010danja, a uz to poma\u017ee br\u017eem obnavljanju ko\u017ee nakon sun\u010danja. <strong>Tokoferol<\/strong>, djeluje kao jaki antioksidans\u00a0i\u00a0\u0161titi\u00a0stanice, \u0161to ga \u010dini najboljom biljnom za\u0161titom od oksidacije. Osim toga, tokoferol ve\u017ee\u00a0vlagu u ro\u017enatom sloju ko\u017ee. Obnavlja stanice, sprje\u010dava upale\u00a0i\u00a0ubla\u017eava o\u0161te\u0107enja na ko\u017ei nakon djelovanja UV-zraka.<\/p>\n<p><span style=\"font-weight: 400;\">Glamour egzoti\u010dnih obala preto\u010den u bo\u010dicu. Honeymoon se brzo upija i ostavlja ko\u017eu blistavom i osun\u010danom. Ko\u017ea postaje gotovo instantno sjajnija i tamnija. <\/span><\/p>\n<ul>\n<li><span style=\"font-weight: 400;\">dubinski hrani i hidratizira ko\u017eu<\/span><\/li>\n<li><span style=\"font-weight: 400;\">lako razmazivo i brzo upijaju\u0107e<\/span><\/li>\n<li><span style=\"font-weight: 400;\">prikladno za njegu lica, tijela i kose<\/span><\/li>\n<li><span style=\"font-weight: 400;\">pogodno za sve tipove ko\u017ee<\/span><\/li>\n<\/ul>\n<p>&nbsp;<\/p>\n","protected":false},"excerpt":{"rendered":"<p>Body oil \u2022 100ml<\/p>\n","protected":false},"featured_media":4053,"comment_status":"open","ping_status":"closed","template":"","meta":{"_acf_changed":false,"inline_featured_image":false},"concern":[90,89,88,114,117,116,115],"ingredient":[147,138,139,141],"skin-type":[96,108,95,109,94],"product_brand":[],"product_cat":[65,64],"product_tag":[],"class_list":{"0":"post-4047","1":"product","2":"type-product","3":"status-publish","4":"has-post-thumbnail","6":"concern-bore","7":"concern-crvenilo","8":"concern-dehidracija","9":"concern-gruboca","10":"concern-ljustenje","11":"concern-mrlje","12":"concern-pristici-akne","13":"ingredient-lipidi","14":"ingredient-omega-hr","15":"ingredient-ruza","16":"ingredient-tokoferol","17":"skin-type-masna-koza","18":"skin-type-mjesovita-koza","19":"skin-type-normalna-koza","20":"skin-type-osjetljiva-koza","21":"skin-type-suha-koza","22":"product_cat-njega-koze","23":"product_cat-sminka","25":"first","26":"instock","27":"shipping-taxable","28":"purchasable","29":"product-type-variable"},"bundled_by":[],"bundle_stock_status":"instock","bundle_stock_quantity":null,"bundle_virtual":false,"bundle_layout":"","bundle_add_to_cart_form_location":"","bundle_editable_in_cart":false,"bundle_sold_individually_context":"","bundle_item_grouping":"","bundle_min_size":"","bundle_max_size":"","bundle_price":[],"bundled_items":[],"bundle_sell_ids":[],"acf":[],"gallery_images":[4185,4236,4181,4203,4187,4189,4197,4191,4193,4195],"_links":{"self":[{"href":"https:\/\/makrispharm.com\/hr\/wp-json\/wp\/v2\/product\/4047","targetHints":{"allow":["GET"]}}],"collection":[{"href":"https:\/\/makrispharm.com\/hr\/wp-json\/wp\/v2\/product"}],"about":[{"href":"https:\/\/makrispharm.com\/hr\/wp-json\/wp\/v2\/types\/product"}],"replies":[{"embeddable":true,"href":"https:\/\/makrispharm.com\/hr\/wp-json\/wp\/v2\/comments?post=4047"}],"wp:featuredmedia":[{"embeddable":true,"href":"https:\/\/makrispharm.com\/hr\/wp-json\/wp\/v2\/media\/4053"}],"wp:attachment":[{"href":"https:\/\/makrispharm.com\/hr\/wp-json\/wp\/v2\/media?parent=4047"}],"wp:term":[{"taxonomy":"concern","embeddable":true,"href":"https:\/\/makrispharm.com\/hr\/wp-json\/wp\/v2\/concern?post=4047"},{"taxonomy":"ingredient","embeddable":true,"href":"https:\/\/makrispharm.com\/hr\/wp-json\/wp\/v2\/ingredient?post=4047"},{"taxonomy":"skin-type","embeddable":true,"href":"https:\/\/makrispharm.com\/hr\/wp-json\/wp\/v2\/skin-type?post=4047"},{"taxonomy":"product_brand","embeddable":true,"href":"https:\/\/makrispharm.com\/hr\/wp-json\/wp\/v2\/product_brand?post=4047"},{"taxonomy":"product_cat","embeddable":true,"href":"https:\/\/makrispharm.com\/hr\/wp-json\/wp\/v2\/product_cat?post=4047"},{"taxonomy":"product_tag","embeddable":true,"href":"https:\/\/makrispharm.com\/hr\/wp-json\/wp\/v2\/product_tag?post=4047"}],"curies":[{"name":"wp","href":"https:\/\/api.w.org\/{rel}","templated":true}]}}