{"id":4916,"date":"2024-11-04T10:31:38","date_gmt":"2024-11-04T09:31:38","guid":{"rendered":"https:\/\/makrispharm.com\/?post_type=product&#038;p=4916"},"modified":"2026-04-19T07:07:52","modified_gmt":"2026-04-19T06:07:52","slug":"multi-stick-trio","status":"publish","type":"product","link":"https:\/\/makrispharm.com\/hr\/shop\/sminka\/multi-stick-trio\/","title":{"rendered":"Multi-Stick Trio"},"content":{"rendered":"<p>Vi\u0161enamjenski balzam u boji, prikladan za usne, obraze i kapke. Svojom bogatom, kremastom formulom, njeguje i hidrira usne, dok prirodni voskovi \u0161tite od isu\u0161ivanja.<\/p>\n<p>Zahvaljuju\u0107i visokopro\u010di\u0161\u0107enim, <strong>mineralnim pigmentima<\/strong> visoke \u010disto\u0107e, boja se stapa s ko\u017eom, i daje svje\u017e izgled lica. Hladno <strong>pre\u0161ani maslaci kakao i shea karite<\/strong> daju usnama potrebne lipide i \u010dine ih mekanima, zadr\u017eavaju\u0107i prirodnu hidriranost, te daju &#8220;dewy-healthy &#8220;efekt prirodnosti. Doma\u0107i <strong>p\u010delinji vosak<\/strong>, vrlo dragocjen zbog njegove ograni\u010dene koli\u010dine i izuzetnih ljekovitih svojstava. Sastojak koji sa sobom nosi bogatstvo prirodnog nektra. Sadr\u017ei propolis i polen, koji doprinose protuupalnom u\u010dinku kod o\u0161te\u0107enih usnica, stvaraju\u0107i tanki za\u0161titni film.<\/p>\n<p>Prirodna \u0161minka u bezvremenskim nijansama, idealana za ljubiteljice diskretnog, prirodnog izgleda s da\u0161kom glamura.<\/p>\n<ul>\n<li>balzam i ru\u017e, rumenilo i sjenilo<\/li>\n<li>ne sadr\u017ei plasti\u010dne \u010destice, sintetske voskove i poja\u010diva\u010de boje<\/li>\n<li>mo\u017ee se nanositi u vi\u0161e slojeva i poja\u010davati ton boje<\/li>\n<li>jednostavno nano\u0161enje, bez \u010detaka, kistova ili bez ogledala<\/li>\n<\/ul>\n<p>&nbsp;<\/p>\n","protected":false},"excerpt":{"rendered":"<p>Vi\u0161enamjenski balzam u boji \u2022 3 x 4,5g<\/p>\n","protected":false},"featured_media":4979,"comment_status":"open","ping_status":"closed","template":"","meta":{"_acf_changed":false,"inline_featured_image":false},"concern":[90,89,88,114,117,116,115],"ingredient":[147,134,141],"skin-type":[96,108,95,109,94],"product_brand":[],"product_cat":[64],"product_tag":[],"class_list":{"0":"post-4916","1":"product","2":"type-product","3":"status-publish","4":"has-post-thumbnail","6":"concern-bore","7":"concern-crvenilo","8":"concern-dehidracija","9":"concern-gruboca","10":"concern-ljustenje","11":"concern-mrlje","12":"concern-pristici-akne","13":"ingredient-lipidi","14":"ingredient-pcelinji-vosak","15":"ingredient-tokoferol","16":"skin-type-masna-koza","17":"skin-type-mjesovita-koza","18":"skin-type-normalna-koza","19":"skin-type-osjetljiva-koza","20":"skin-type-suha-koza","21":"product_cat-sminka","23":"first","24":"instock","25":"sale","26":"featured","27":"shipping-taxable","28":"purchasable","29":"product-type-variable"},"bundled_by":[],"bundle_stock_status":"instock","bundle_stock_quantity":null,"bundle_virtual":false,"bundle_layout":"","bundle_add_to_cart_form_location":"","bundle_editable_in_cart":false,"bundle_sold_individually_context":"","bundle_item_grouping":"","bundle_min_size":"","bundle_max_size":"","bundle_price":[],"bundled_items":[],"bundle_sell_ids":[],"acf":[],"gallery_images":[5016,5018,2486,4981,4983],"_links":{"self":[{"href":"https:\/\/makrispharm.com\/hr\/wp-json\/wp\/v2\/product\/4916","targetHints":{"allow":["GET"]}}],"collection":[{"href":"https:\/\/makrispharm.com\/hr\/wp-json\/wp\/v2\/product"}],"about":[{"href":"https:\/\/makrispharm.com\/hr\/wp-json\/wp\/v2\/types\/product"}],"replies":[{"embeddable":true,"href":"https:\/\/makrispharm.com\/hr\/wp-json\/wp\/v2\/comments?post=4916"}],"wp:featuredmedia":[{"embeddable":true,"href":"https:\/\/makrispharm.com\/hr\/wp-json\/wp\/v2\/media\/4979"}],"wp:attachment":[{"href":"https:\/\/makrispharm.com\/hr\/wp-json\/wp\/v2\/media?parent=4916"}],"wp:term":[{"taxonomy":"concern","embeddable":true,"href":"https:\/\/makrispharm.com\/hr\/wp-json\/wp\/v2\/concern?post=4916"},{"taxonomy":"ingredient","embeddable":true,"href":"https:\/\/makrispharm.com\/hr\/wp-json\/wp\/v2\/ingredient?post=4916"},{"taxonomy":"skin-type","embeddable":true,"href":"https:\/\/makrispharm.com\/hr\/wp-json\/wp\/v2\/skin-type?post=4916"},{"taxonomy":"product_brand","embeddable":true,"href":"https:\/\/makrispharm.com\/hr\/wp-json\/wp\/v2\/product_brand?post=4916"},{"taxonomy":"product_cat","embeddable":true,"href":"https:\/\/makrispharm.com\/hr\/wp-json\/wp\/v2\/product_cat?post=4916"},{"taxonomy":"product_tag","embeddable":true,"href":"https:\/\/makrispharm.com\/hr\/wp-json\/wp\/v2\/product_tag?post=4916"}],"curies":[{"name":"wp","href":"https:\/\/api.w.org\/{rel}","templated":true}]}}