{"id":5221,"date":"2024-11-29T12:10:21","date_gmt":"2024-11-29T11:10:21","guid":{"rendered":"https:\/\/makrispharm.com\/?post_type=product&#038;p=5221"},"modified":"2024-12-02T10:04:35","modified_gmt":"2024-12-02T09:04:35","slug":"poklon-bon","status":"publish","type":"product","link":"https:\/\/makrispharm.com\/hr\/shop\/njega-koze\/poklon-bon\/","title":{"rendered":"Poklon Bon"},"content":{"rendered":"<p>Poklon bon (darovna kartica) mo\u017ee se koristiti za kupnju bilo kojeg artikla webshopa.<br \/>\nBonovi su dostupani u vrijednostima od <strong>\u20ac50<\/strong>, <strong>\u20ac100<\/strong> i <strong>\u20ac200<\/strong>.<\/p>\n<p>Poklon bonovi se izdaju e-po\u0161tom pomo\u0107u elektroni\u010dkog koda bona koji se zatim mo\u017ee iskoristiti u blagajni.<\/p>\n<p>Nakon \u0161to se odaberu artikli koji se \u017eele naru\u010diti i nakon \u0161to su dodani u ko\u0161aricu, kako bi se iskoristio poklon bon, potrebno je unijeti kod elektroni\u010dkog bona u okvir \u201eK\u00f4d za popust\u201d i kliknuti gumb \u201ePrimijeni\u201d. Zatim \u0107e se bon primijeniti na narud\u017ebu i narud\u017eba se mo\u017ee zaklju\u010diti.<\/p>\n<p>Kada narud\u017eba bude obra\u0111ena, poslati \u0107e se elektroni\u010dki k\u00f4d poklon bona na adresu e-po\u0161te kojom na koju je korisnik prijavljen i na koju se tako\u0111er \u0161alje e-po\u0161ta s potvrdom narud\u017ebe.<\/p>\n<p>E-poruka s poklon bonom mo\u017ee se proslijediti primatelju dara ili se mo\u017eete ispisati i darovati osobno.<\/p>\n<p>Mo\u017ee se koristiti samo jedan poklon bon po narud\u017ebi, a ako kupovina nije u potpunosti pokrivena darovnom karticom, za dovr\u0161etak kupovine mo\u017ee se upotrijebiti dodatni na\u010din pla\u0107anja koji je ponu\u0111en na stranici.<\/p>\n<p>Poklon bonovi se ne mogu vratiti ili refundirati, zamijeniti za gotovinu ili druge poklon bonove, te se ne mogu koristiti uz bilo koji drugi k\u00f4d za popust.<br \/>\nPoklon bonovi vrijede 12 mjeseci od dana kupnje.<\/p>\n<p>&nbsp;<\/p>\n","protected":false},"excerpt":{"rendered":"<p>Darovna kartica<\/p>\n","protected":false},"featured_media":5227,"comment_status":"open","ping_status":"closed","template":"","meta":{"_acf_changed":false,"inline_featured_image":false},"concern":[90,89,88,114,117,116,115],"ingredient":[133,105,92,91,135,147,137,138,134,145,139,160,136,140,141,93,142],"skin-type":[96,108,95,109,94],"product_brand":[],"product_cat":[65,64],"product_tag":[],"class_list":{"0":"post-5221","1":"product","2":"type-product","3":"status-publish","4":"has-post-thumbnail","6":"concern-bore","7":"concern-crvenilo","8":"concern-dehidracija","9":"concern-gruboca","10":"concern-ljustenje","11":"concern-mrlje","12":"concern-pristici-akne","13":"ingredient-bakuchiol-hr","14":"ingredient-cink","15":"ingredient-hijaluron","16":"ingredient-kava","17":"ingredient-kolagen","18":"ingredient-lipidi","19":"ingredient-niacinamid","20":"ingredient-omega-hr","21":"ingredient-pcelinji-vosak","22":"ingredient-polisaharidi","23":"ingredient-ruza","24":"ingredient-skvalan","25":"ingredient-smilje","26":"ingredient-srebro","27":"ingredient-tokoferol","28":"ingredient-vitamin-c-hr","29":"ingredient-zeolit","30":"skin-type-masna-koza","31":"skin-type-mjesovita-koza","32":"skin-type-normalna-koza","33":"skin-type-osjetljiva-koza","34":"skin-type-suha-koza","35":"product_cat-njega-koze","36":"product_cat-sminka","38":"first","39":"instock","40":"featured","41":"shipping-taxable","42":"purchasable","43":"product-type-variable"},"bundled_by":[],"bundle_stock_status":"instock","bundle_stock_quantity":null,"bundle_virtual":false,"bundle_layout":"","bundle_add_to_cart_form_location":"","bundle_editable_in_cart":false,"bundle_sold_individually_context":"","bundle_item_grouping":"","bundle_min_size":"","bundle_max_size":"","bundle_price":[],"bundled_items":[],"bundle_sell_ids":[],"acf":[],"gallery_images":[],"_links":{"self":[{"href":"https:\/\/makrispharm.com\/hr\/wp-json\/wp\/v2\/product\/5221","targetHints":{"allow":["GET"]}}],"collection":[{"href":"https:\/\/makrispharm.com\/hr\/wp-json\/wp\/v2\/product"}],"about":[{"href":"https:\/\/makrispharm.com\/hr\/wp-json\/wp\/v2\/types\/product"}],"replies":[{"embeddable":true,"href":"https:\/\/makrispharm.com\/hr\/wp-json\/wp\/v2\/comments?post=5221"}],"wp:featuredmedia":[{"embeddable":true,"href":"https:\/\/makrispharm.com\/hr\/wp-json\/wp\/v2\/media\/5227"}],"wp:attachment":[{"href":"https:\/\/makrispharm.com\/hr\/wp-json\/wp\/v2\/media?parent=5221"}],"wp:term":[{"taxonomy":"concern","embeddable":true,"href":"https:\/\/makrispharm.com\/hr\/wp-json\/wp\/v2\/concern?post=5221"},{"taxonomy":"ingredient","embeddable":true,"href":"https:\/\/makrispharm.com\/hr\/wp-json\/wp\/v2\/ingredient?post=5221"},{"taxonomy":"skin-type","embeddable":true,"href":"https:\/\/makrispharm.com\/hr\/wp-json\/wp\/v2\/skin-type?post=5221"},{"taxonomy":"product_brand","embeddable":true,"href":"https:\/\/makrispharm.com\/hr\/wp-json\/wp\/v2\/product_brand?post=5221"},{"taxonomy":"product_cat","embeddable":true,"href":"https:\/\/makrispharm.com\/hr\/wp-json\/wp\/v2\/product_cat?post=5221"},{"taxonomy":"product_tag","embeddable":true,"href":"https:\/\/makrispharm.com\/hr\/wp-json\/wp\/v2\/product_tag?post=5221"}],"curies":[{"name":"wp","href":"https:\/\/api.w.org\/{rel}","templated":true}]}}