{"id":6474,"date":"2025-05-21T05:04:48","date_gmt":"2025-05-21T04:04:48","guid":{"rendered":"https:\/\/makrispharm.com\/?post_type=product&#038;p=6474"},"modified":"2026-04-23T09:58:31","modified_gmt":"2026-04-23T08:58:31","slug":"spf-30","status":"publish","type":"product","link":"https:\/\/makrispharm.com\/hr\/shop\/njega-koze\/spf-30\/","title":{"rendered":"Mineralni SPF za lice"},"content":{"rendered":"<p>\u2b50 <strong>BENEFITI<\/strong><\/p>\n<p>\u2714 Tonirana krema koja se stapa s ko\u017eom<br \/>\n\u2714 100% mineralna za\u0161tita<br \/>\n\u2714 Bez kemijskih filtera i bijelog traga<br \/>\n\u2714 Lagana i ne za\u010depljuje pore<br \/>\n\u2714 Pogodno za osjetljivu ko\u017eu<\/p>\n<p>__________<\/p>\n<p>\u2b50 <strong>ZA\u0160TO MAKRIS SPF 30<\/strong><\/p>\n<p>\u274c Drugi SPF ostavlja bijeli trag \u2192\u00a0 \u2705 Prirodan, tonirani izgled ko\u017ee<br \/>\n\u274c Ko\u017ea je masna i te\u0161ka \u2192\u00a0 \u2705 Lagana i neljepljiva tekstura<br \/>\n\u274c Iritacije od kemijskih filtera \u2192\u00a0 \u2705 Nje\u017ena mineralna za\u0161tita<br \/>\n\u274c Izgleda te\u0161ko i neprirodno\u00a0 \u2192\u00a0 \u2705 Izgleda dobro na ko\u017ei (ne samo da \u0161titi)<\/p>\n<p>__________<\/p>\n<p>\u2b50\u00a0<strong>ZA KOGA JE<\/strong><\/p>\n<p>\u2022 Osjetljivu i reaktivnu ko\u017eu<br \/>\n\u2022 Osobe koje ne podnose kemijske SPF-ove<br \/>\n\u2022 Svakodnevnu za\u0161titu lica<\/p>\n<p>__________<\/p>\n<p>\u2b50 <strong>VA\u017dNO<\/strong><\/p>\n<p>\u2714 Najprodavaniji ljetni proizvod | Ograni\u010dene koli\u010dine<br \/>\n\ud83d\udc49 \u201cProvjereno od korisnica s osjetljivom ko\u017eom!\u201d<br \/>\n\u2b50 5.0 recenzije<\/p>\n<p>__________<\/p>\n<p>\ud83d\udfe2 Dostava 1\u20132 radna dana<br \/>\n\ud83d\udfe2 Besplatna dostava u HR iznad 50 \u20ac<\/p>\n<p>&nbsp;<\/p>\n<p>Tonirana, 100% mineralna, hidratantna krema za ko\u017eu &#8211; formulirana s potpuno \u010distim mineralnim cink oksidom, bez nano \u010destica i bez dodatka kemijskih filtera. Sna\u017ena i u\u010dinkovita \u0161irokospektralna za\u0161tita od ultraljubi\u010dastih zraka.<\/p>\n<p>Prirodni,<strong> non-nano cink oksid<\/strong>, pogodan je za za\u0161titu od ultraljubi\u010dastih zraka \u0161irokog spektra, \u0161to nije uvijek slu\u010daj s kemijskim kremama za sun\u010danje koje blokiraju samo jednu vrstu UV svjetla. <strong>Ulje divlje ru\u017ee<\/strong> poma\u017ee ko\u017ei da vrati svoju prirodnu boju i tonus. Kod svakodnevne njege ko\u017ee hidratizira i revitalizira ko\u017eu, pove\u0107ava elasti\u010dnost i poti\u010de pove\u0107anje kolagena. Bogato je esencijalnim masnim kiselinama i karotenoidima. Poma\u017ee kod prevencije od nastanka bora, a uspje\u0161no se primjenjuje kod opekotina i ko\u017ee o\u0161te\u0107ene UV zrakama, borama, strijama, o\u017eiljcima i stara\u010dkim pjegama. <strong>Ulje karanja ploda <\/strong>ima svojstvo apsorpcije UV zraka, te protuupalno, repelentno i cikatrizantno djelovanje (zacjeljivanje ko\u017ee). Prirodni je saveznik u za\u0161titi ko\u017ee od sunca i okoli\u0161nih utjecaja.<\/p>\n<p>100% mineralna i hidratantna krema za sun\u010danje, daje \u0161iroki spektar <span class=\"il\">SPF<\/span> 30 prirodne za\u0161tite ko\u017ei, a istovremeno pru\u017ea nevidljiv, besprijekoran i proziran tonirani zavr\u0161etak.<\/p>\n<ul>\n<li>osigurava \u0161iroki spektar <span class=\"il\">SPF<\/span>\u00a030 za\u0161tite od sunca<\/li>\n<li>poma\u017ee u za\u0161titi ko\u017ee od crvenila i starenja uzrokovanih UV zra\u010denjem<\/li>\n<li>pru\u017ea proziran tonirani sloj bez bijelog traga<\/li>\n<li>lako se nanosi, razmazuje i stapa s tenom<\/li>\n<li>ostavlja ko\u017eu hidratiziranom i ugodnom<\/li>\n<li>lagane, neljepljive teksture<\/li>\n<li>pogodna za sve tipove ko\u017ee<\/li>\n<\/ul>\n<div dir=\"auto\"><\/div>\n<p>&nbsp;<\/p>\n","protected":false},"excerpt":{"rendered":"<p>Bez bijelog traga i kemijskih filtera<\/p>\n","protected":false},"featured_media":6526,"comment_status":"open","ping_status":"closed","template":"","meta":{"_acf_changed":false,"inline_featured_image":false},"concern":[90,89,88,114,117,116,115],"ingredient":[105,147,138,139,141],"skin-type":[96,108,95,109,94],"product_brand":[],"product_cat":[65,64],"product_tag":[],"class_list":{"0":"post-6474","1":"product","2":"type-product","3":"status-publish","4":"has-post-thumbnail","6":"concern-bore","7":"concern-crvenilo","8":"concern-dehidracija","9":"concern-gruboca","10":"concern-ljustenje","11":"concern-mrlje","12":"concern-pristici-akne","13":"ingredient-cink","14":"ingredient-lipidi","15":"ingredient-omega-hr","16":"ingredient-ruza","17":"ingredient-tokoferol","18":"skin-type-masna-koza","19":"skin-type-mjesovita-koza","20":"skin-type-normalna-koza","21":"skin-type-osjetljiva-koza","22":"skin-type-suha-koza","23":"product_cat-njega-koze","24":"product_cat-sminka","26":"first","27":"outofstock","28":"shipping-taxable","29":"purchasable","30":"product-type-variable"},"bundled_by":[],"bundle_stock_status":"outofstock","bundle_stock_quantity":null,"bundle_virtual":false,"bundle_layout":"","bundle_add_to_cart_form_location":"","bundle_editable_in_cart":false,"bundle_sold_individually_context":"","bundle_item_grouping":"","bundle_min_size":"","bundle_max_size":"","bundle_price":[],"bundled_items":[],"bundle_sell_ids":[],"acf":[],"gallery_images":[6620,8816,6618,6616,6626,8818,6624,7303,8820],"_links":{"self":[{"href":"https:\/\/makrispharm.com\/hr\/wp-json\/wp\/v2\/product\/6474","targetHints":{"allow":["GET"]}}],"collection":[{"href":"https:\/\/makrispharm.com\/hr\/wp-json\/wp\/v2\/product"}],"about":[{"href":"https:\/\/makrispharm.com\/hr\/wp-json\/wp\/v2\/types\/product"}],"replies":[{"embeddable":true,"href":"https:\/\/makrispharm.com\/hr\/wp-json\/wp\/v2\/comments?post=6474"}],"wp:featuredmedia":[{"embeddable":true,"href":"https:\/\/makrispharm.com\/hr\/wp-json\/wp\/v2\/media\/6526"}],"wp:attachment":[{"href":"https:\/\/makrispharm.com\/hr\/wp-json\/wp\/v2\/media?parent=6474"}],"wp:term":[{"taxonomy":"concern","embeddable":true,"href":"https:\/\/makrispharm.com\/hr\/wp-json\/wp\/v2\/concern?post=6474"},{"taxonomy":"ingredient","embeddable":true,"href":"https:\/\/makrispharm.com\/hr\/wp-json\/wp\/v2\/ingredient?post=6474"},{"taxonomy":"skin-type","embeddable":true,"href":"https:\/\/makrispharm.com\/hr\/wp-json\/wp\/v2\/skin-type?post=6474"},{"taxonomy":"product_brand","embeddable":true,"href":"https:\/\/makrispharm.com\/hr\/wp-json\/wp\/v2\/product_brand?post=6474"},{"taxonomy":"product_cat","embeddable":true,"href":"https:\/\/makrispharm.com\/hr\/wp-json\/wp\/v2\/product_cat?post=6474"},{"taxonomy":"product_tag","embeddable":true,"href":"https:\/\/makrispharm.com\/hr\/wp-json\/wp\/v2\/product_tag?post=6474"}],"curies":[{"name":"wp","href":"https:\/\/api.w.org\/{rel}","templated":true}]}}